{"id":7,"date":"2023-12-28T01:40:59","date_gmt":"2023-12-28T04:40:59","guid":{"rendered":"https:\/\/www.onixincorporadora.com.br\/nogueira-branco\/?page_id=7"},"modified":"2026-03-10T10:53:13","modified_gmt":"2026-03-10T13:53:13","slug":"home","status":"publish","type":"page","link":"https:\/\/www.onixincorporadora.com.br\/nogueira-branco\/","title":{"rendered":"Home"},"content":{"rendered":"\n\n\t\t\t\t<img loading=\"lazy\" decoding=\"async\" src=\"https:\/\/www.onixincorporadora.com.br\/nogueira-branco\/wp-content\/uploads\/2023\/12\/logo-nogueira@3x-1.png\" alt=\"logo nogueira@3x 1\" itemprop=\"image\" height=\"181\" width=\"591\" title=\"logo nogueira@3x 1\" onerror=\"this.style.display='none'\"  \/>\n\t<p>Um para\u00edso \u00e0 sua porta, onde o nascer e o p\u00f4r do sol s\u00e3o igualmente deslumbrantes. Com suas areias douradas, \u00e1guas cristalinas e vista espetacular, cada dia \u00e9 um presente neste ref\u00fagio \u00e0 beira-mar.<\/p>\n\t<p>4 Su\u00edtes \u2022 2 Vagas<\/p>\n\t\t<h3>Compre Seu Apto de Luxo Hoje<\/h3>\n\t\tApartamentos a partir de: \nR$ 1.625.000\n\t\t\t<a href=\"https:\/\/www.onixincorporadora.com.br\/nogueira-branco\/#contato\" target=\"_self\">\n\t\t\t\t\t\tClique Aqui\n\t\t\t\t\t<\/a>\n\t\t<h3>Inicie Uma Vida de Luxo<\/h3>\n\t\t<p>Compre agora e entre no mundo de eleg\u00e2ncia e sofistica\u00e7\u00e3o.<\/p>\n\t\t\t<a href=\"https:\/\/www.onixincorporadora.com.br\/nogueira-branco\/#contato\" target=\"_self\">\n\t\t\t\t\t\tClique Aqui\n\t\t\t\t\t<\/a>\n<h2>\n\t\tLuxuoso como sempre sonhou. Espa\u00e7oso como voc\u00ea merece.\n\t<\/h2>\n\t<p>O Residencial Nogueira Branco ser\u00e1 um edif\u00edcio residencial de destaque da Praia do Morro. Com quatro su\u00edtes voltadas para o oceano, o empreendimento proporcionar\u00e1 uma vista privilegiada e uma experi\u00eancia \u00fanica para seus moradores.<\/p>\n\t\t<h3>Realize Seu Sonho com Um Clique<\/h3>\n\t\t<p>Seu lar dos sonhos est\u00e1 a apenas um clique de dist\u00e2ncia. Compre hoje e transforme sua vis\u00e3o de luxo em realidade.<\/p>\n\t\t\t<a href=\"https:\/\/www.onixincorporadora.com.br\/nogueira-branco\/#contato\" target=\"_self\">\n\t\t\t\t\t\tClique Aqui\n\t\t\t\t\t<\/a>\n<h2>\n\t\t\u00c1rea de Lazer na Cobertura\n\t<\/h2>\n\t<p>Viva com Exclusividade<\/p>\n<h2>\n\t\tAmbientes\n\t<\/h2>\n\t\t<h3>Transforme Sonhos em Endere\u00e7o<\/h3>\n\t\t<p>Compre sua resid\u00eancia de alto padr\u00e3o e viva a exclusividade que voc\u00ea merece. Registre-se agora para um atendimento personalizado.<\/p>\n\t\t\t<a href=\"https:\/\/www.onixincorporadora.com.br\/nogueira-branco\/#contato\" target=\"_self\">\n\t\t\t\t\t\tClique Aqui\n\t\t\t\t\t<\/a>\n\t<p>O cen\u00e1rio perfeito para uma vida completa<\/p>\n\tNossa localiza\u00e7\u00e3o privilegiada coloca voc\u00ea a uma curta dist\u00e2ncia de tudo o que precisa. Supermercados, bares e restaurantes charmosos para encontros gastron\u00f4micos.<br \/>\nAl\u00e9m disso, a praia oferece o cen\u00e1rio perfeito para a pr\u00e1tica de esportes e exerc\u00edcios ao ar livre. Seja voc\u00ea um entusiasta do surfe, um corredor matinal ou um amante de caminhadas \u00e0 beira-mar, tudo est\u00e1 \u00e0 sua porta.\n\t<iframe src=\"https:\/\/www.google.com\/maps\/embed\/v1\/place?q=Av.+Oce%C3%A2nica%2C+2166+-+Jacunem%2C+Guarapari+-+ES%2C+29216-080&#038;key=AIzaSyD09zQ9PNDNNy9TadMuzRV_UsPUoWKntt8\" aria-hidden=\"true\"><\/iframe>\n<h2>\n\t\tPlantas\n\t<\/h2>\n<h2>\n\t\tSolicite a Tabela \n\t<\/h2>\n\n","protected":false},"excerpt":{"rendered":"<p>Um para\u00edso \u00e0 sua porta, onde o nascer e o p\u00f4r do sol s\u00e3o igualmente deslumbrantes. Com suas areias douradas, \u00e1guas cristalinas e vista espetacular, cada dia \u00e9 um presente neste ref\u00fagio \u00e0 beira-mar. 4 Su\u00edtes \u2022 2 Vagas Compre Seu Apto de Luxo Hoje Apartamentos a partir de: R$ 1.625.000 Clique Aqui Inicie Uma&hellip;<\/p>\n","protected":false},"author":1,"featured_media":0,"parent":0,"menu_order":0,"comment_status":"closed","ping_status":"closed","template":"","meta":{"footnotes":""},"class_list":["post-7","page","type-page","status-publish","hentry"],"_links":{"self":[{"href":"https:\/\/www.onixincorporadora.com.br\/nogueira-branco\/wp-json\/wp\/v2\/pages\/7","targetHints":{"allow":["GET"]}}],"collection":[{"href":"https:\/\/www.onixincorporadora.com.br\/nogueira-branco\/wp-json\/wp\/v2\/pages"}],"about":[{"href":"https:\/\/www.onixincorporadora.com.br\/nogueira-branco\/wp-json\/wp\/v2\/types\/page"}],"author":[{"embeddable":true,"href":"https:\/\/www.onixincorporadora.com.br\/nogueira-branco\/wp-json\/wp\/v2\/users\/1"}],"replies":[{"embeddable":true,"href":"https:\/\/www.onixincorporadora.com.br\/nogueira-branco\/wp-json\/wp\/v2\/comments?post=7"}],"version-history":[{"count":45,"href":"https:\/\/www.onixincorporadora.com.br\/nogueira-branco\/wp-json\/wp\/v2\/pages\/7\/revisions"}],"predecessor-version":[{"id":176,"href":"https:\/\/www.onixincorporadora.com.br\/nogueira-branco\/wp-json\/wp\/v2\/pages\/7\/revisions\/176"}],"wp:attachment":[{"href":"https:\/\/www.onixincorporadora.com.br\/nogueira-branco\/wp-json\/wp\/v2\/media?parent=7"}],"curies":[{"name":"wp","href":"https:\/\/api.w.org\/{rel}","templated":true}]}}